{"id":1397,"date":"2024-09-30T15:02:48","date_gmt":"2024-09-30T15:02:48","guid":{"rendered":"https:\/\/ozguncocuklarmontessori.com\/admission\/"},"modified":"2024-12-03T07:17:13","modified_gmt":"2024-12-03T07:17:13","slug":"kesfet","status":"publish","type":"page","link":"https:\/\/ozguncocuklarmontessori.com\/tr\/kesfet\/","title":{"rendered":"Ke\u015ffet"},"content":{"rendered":"\n<div class=\"wp-block-uagb-container uagb-block-14c937e2 alignfull uagb-is-root-container\"><div class=\"uagb-container-inner-blocks-wrap\">\n<div class=\"wp-block-uagb-info-box uagb-block-4bc80c4c uagb-infobox__content-wrap  uagb-infobox-icon-above-title uagb-infobox-image-valign-top wp-block-uagb-info-box--has-margin\"><div class=\"uagb-infobox-margin-wrapper\"><div class=\"uagb-ifb-content\"><div class=\"uagb-ifb-title-wrap\"><h6 class=\"uagb-ifb-title-prefix\">\u00c7ocu\u011funuz \u0130\u00e7in En Do\u011fru Karar\u0131 Verin<\/h6><h1 class=\"uagb-ifb-title\">Montessori D\u00fcnyas\u0131n\u0131 Ke\u015ffedin ve Sorular\u0131n\u0131za Yan\u0131t Bulun<\/h1><\/div><p class=\"uagb-ifb-desc\">\u00c7ocu\u011funuzun e\u011fitim yolculu\u011funa ba\u015flamadan \u00f6nce, Montessori felsefesini daha yak\u0131ndan tan\u0131yarak t\u00fcm sorular\u0131n\u0131za yan\u0131t bulabilirsiniz. Burada, \u00f6\u011frenme s\u00fcrecimizin nas\u0131l i\u015fledi\u011fini, \u00e7ocuklar\u0131n bireysel geli\u015fimini nas\u0131l destekledi\u011fimizi ve bu y\u00f6ntemin \u00e7ocu\u011funuza nas\u0131l fayda sa\u011flayaca\u011f\u0131n\u0131 ke\u015ffedin. Her ad\u0131mda sizi bilgilendiren ve \u00e7ocu\u011funuz i\u00e7in en iyi karar\u0131 vermenizi kolayla\u015ft\u0131ran bir rehber olmay\u0131 hedefliyoruz.<\/p><\/div><\/div><\/div>\n\n\n\n<div class=\"wp-block-uagb-info-box uagb-block-6fdae49b uagb-infobox__content-wrap  uagb-infobox-icon-left uagb-infobox-left uagb-infobox-stacked-mobile uagb-infobox-image-valign-middle wp-block-uagb-info-box--has-margin\"><div class=\"uagb-infobox-margin-wrapper\"><div class=\"uagb-ifb-icon-wrap\"><div class=\"uagb-iconbox-icon-wrap uagb-infobox-shape-circle\"><svg xmlns=\"https:\/\/www.w3.org\/2000\/svg\" viewBox=\"0 0 512 512\"><path d=\"M18.92 351.2l108.5-46.52c12.78-5.531 27.77-1.801 36.45 8.98l44.09 53.82c69.25-34 125.5-90.31 159.5-159.5l-53.81-44.04c-10.75-8.781-14.41-23.69-8.974-36.47l46.51-108.5c6.094-13.91 21.1-21.52 35.79-18.11l100.8 23.25c14.25 3.25 24.22 15.8 24.22 30.46c0 252.3-205.2 457.5-457.5 457.5c-14.67 0-27.18-9.968-30.45-24.22l-23.25-100.8C-2.571 372.4 5.018 357.2 18.92 351.2z\"><\/path><\/svg><\/div><\/div><div class=\"uagb-ifb-content\"><div class=\"uagb-ifb-title-wrap\"><h5 class=\"uagb-ifb-title\">+90 216 20 601 23<\/h5><\/div><\/div><\/div><\/div>\n\n\n\n<div class=\"wp-block-uagb-separator uagb-block-f413b0e6\"><div class=\"wp-block-uagb-separator__inner\" style=\"--my-background-image:\"><\/div><\/div>\n\n\n\n<div class=\"wp-block-uagb-advanced-heading uagb-block-921851e4\"><h6 class=\"uagb-heading-text\">Montessori ile \u00d6\u011frenme S\u00fcreci<\/h6><\/div>\n\n\n\n<div class=\"wp-block-uagb-container uagb-block-bbf8540e\">\n<div class=\"wp-block-uagb-container uagb-block-fc6e001f\">\n<div class=\"wp-block-uagb-info-box uagb-block-4dc14977 uagb-infobox__content-wrap  uagb-infobox-icon-above-title uagb-infobox-image-valign-top wp-block-uagb-info-box--has-margin\"><div class=\"uagb-infobox-margin-wrapper\"><div class=\"uagb-ifb-content\"><div class=\"uagb-ifb-title-wrap\"><h2 class=\"uagb-ifb-title-prefix\">01<\/h2><h5 class=\"uagb-ifb-title\">Ke\u015ffetme<\/h5><\/div><p class=\"uagb-ifb-desc\">\u00c7ocuklar, meraklar\u0131n\u0131 ke\u015ffederek \u00f6zg\u00fcr bir ortamda \u00f6\u011frenmeye ba\u015flarlar.<\/p><\/div><\/div><\/div>\n<\/div>\n\n\n\n<div class=\"wp-block-uagb-container uagb-block-d1df0bec\">\n<div class=\"wp-block-uagb-info-box uagb-block-d489709a uagb-infobox__content-wrap  uagb-infobox-icon-above-title uagb-infobox-image-valign-top wp-block-uagb-info-box--has-margin\"><div class=\"uagb-infobox-margin-wrapper\"><div class=\"uagb-ifb-content\"><div class=\"uagb-ifb-title-wrap\"><h2 class=\"uagb-ifb-title-prefix\">02<\/h2><h5 class=\"uagb-ifb-title\">G\u00f6zlem<\/h5><\/div><p class=\"uagb-ifb-desc\">\u00d6\u011fretmenler, her \u00e7ocu\u011fun bireysel ihtiya\u00e7lar\u0131n\u0131 g\u00f6zlemleyerek rehberlik eder.<\/p><\/div><\/div><\/div>\n<\/div>\n\n\n\n<div class=\"wp-block-uagb-container uagb-block-00c0436a\">\n<div class=\"wp-block-uagb-info-box uagb-block-5c7a624b uagb-infobox__content-wrap  uagb-infobox-icon-above-title uagb-infobox-image-valign-top wp-block-uagb-info-box--has-margin\"><div class=\"uagb-infobox-margin-wrapper\"><div class=\"uagb-ifb-content\"><div class=\"uagb-ifb-title-wrap\"><h2 class=\"uagb-ifb-title-prefix\">03<\/h2><h5 class=\"uagb-ifb-title\">Uygulama<\/h5><\/div><p class=\"uagb-ifb-desc\">\u00c7ocuklar, \u00f6\u011frendiklerini somut materyallerle uygulayarak deneyim kazan\u0131rlar.<\/p><\/div><\/div><\/div>\n<\/div>\n\n\n\n<div class=\"wp-block-uagb-container uagb-block-daf01849\">\n<div class=\"wp-block-uagb-info-box uagb-block-a8354b04 uagb-infobox__content-wrap  uagb-infobox-icon-above-title uagb-infobox-image-valign-top wp-block-uagb-info-box--has-margin\"><div class=\"uagb-infobox-margin-wrapper\"><div class=\"uagb-ifb-content\"><div class=\"uagb-ifb-title-wrap\"><h2 class=\"uagb-ifb-title-prefix\">04<\/h2><h5 class=\"uagb-ifb-title\">Geli\u015fim<\/h5><\/div><p class=\"uagb-ifb-desc\">Her \u00e7ocuk, kendi h\u0131z\u0131nda ilerleyerek hem akademik hem de sosyal becerilerini geli\u015ftirir.<\/p><\/div><\/div><\/div>\n<\/div>\n<\/div>\n<\/div><\/div>\n\n\n\n<div class=\"wp-block-uagb-container uagb-block-b232c3a0 alignfull uagb-is-root-container\"><div class=\"uagb-container-inner-blocks-wrap\">\n<div class=\"wp-block-uagb-image uagb-block-72e2f217 wp-block-uagb-image--layout-default wp-block-uagb-image--effect-static wp-block-uagb-image--align-none\"><figure class=\"wp-block-uagb-image__figure\"><img decoding=\"async\" srcset=\"https:\/\/ozguncocuklarmontessori.com\/wp-content\/uploads\/2024\/10\/ozgun_cocuklar_montessori_anaokulu_23.jpg ,https:\/\/ozguncocuklarmontessori.com\/wp-content\/uploads\/2024\/10\/ozgun_cocuklar_montessori_anaokulu_23.jpg 780w, https:\/\/ozguncocuklarmontessori.com\/wp-content\/uploads\/2024\/10\/ozgun_cocuklar_montessori_anaokulu_23.jpg 360w\" sizes=\"auto, (max-width: 480px) 150px\" src=\"https:\/\/ozguncocuklarmontessori.com\/wp-content\/uploads\/2024\/10\/ozgun_cocuklar_montessori_anaokulu_23.jpg\" alt=\"o\u0308zgu\u0308n_c\u0327ocuklar_montessori_anaokulu_23\" class=\"uag-image-2753\" width=\"620\" height=\"456\" title=\"o\u0308zgu\u0308n_c\u0327ocuklar_montessori_anaokulu_23\" loading=\"lazy\" role=\"img\"\/><\/figure><\/div>\n\n\n\n<div class=\"wp-block-uagb-image uagb-block-6c1b4780 wp-block-uagb-image--layout-default wp-block-uagb-image--effect-static wp-block-uagb-image--align-none\"><figure class=\"wp-block-uagb-image__figure\"><img decoding=\"async\" srcset=\"https:\/\/ozguncocuklarmontessori.com\/wp-content\/uploads\/2024\/10\/ozgun_cocuklar_montessori_anaokulu_24.jpg ,https:\/\/ozguncocuklarmontessori.com\/wp-content\/uploads\/2024\/10\/ozgun_cocuklar_montessori_anaokulu_24.jpg 780w, https:\/\/ozguncocuklarmontessori.com\/wp-content\/uploads\/2024\/10\/ozgun_cocuklar_montessori_anaokulu_24.jpg 360w\" sizes=\"auto, (max-width: 480px) 150px\" src=\"https:\/\/ozguncocuklarmontessori.com\/wp-content\/uploads\/2024\/10\/ozgun_cocuklar_montessori_anaokulu_24.jpg\" alt=\"o\u0308zgu\u0308n_c\u0327ocuklar_montessori_anaokulu_24\" class=\"uag-image-2755\" width=\"620\" height=\"456\" title=\"o\u0308zgu\u0308n_c\u0327ocuklar_montessori_anaokulu_24\" loading=\"lazy\" role=\"img\"\/><\/figure><\/div>\n<\/div><\/div>\n\n\n\n<div class=\"wp-block-uagb-container uagb-layout-grid uagb-block-1fd0e6ab alignfull uagb-is-root-container\"><div class=\"uagb-container-inner-blocks-wrap\">\n<div class=\"wp-block-uagb-info-box uagb-block-78b7773a uagb-infobox__content-wrap  uagb-infobox-icon-above-title uagb-infobox-image-valign-top wp-block-uagb-info-box--has-margin\"><div class=\"uagb-infobox-margin-wrapper\"><div class=\"uagb-ifb-content\"><div class=\"uagb-ifb-title-wrap\"><h2 class=\"uagb-ifb-title\">Kay\u0131t \u0130\u00e7in Gerekli Belgeler<\/h2><\/div><p class=\"uagb-ifb-desc\">\u00c7ocu\u011funuzun Montessori e\u011fitim yolculu\u011funa ad\u0131m atmas\u0131 i\u00e7in son a\u015famaya geldiniz. Kay\u0131t s\u00fcrecini ba\u015flatmak i\u00e7in a\u015fa\u011f\u0131daki belgeleri haz\u0131rlaman\u0131z yeterli. H\u0131zl\u0131 ve kolay bir kay\u0131t i\u015flemi i\u00e7in bizimle ileti\u015fime ge\u00e7ebilirsiniz.<\/p><div class=\"uagb-ifb-button-wrapper wp-block-button\"><a href=\"https:\/\/ozguncocuklarmontessori.com\/tr\/iletisim\/\" class=\"uagb-infobox-cta-link wp-block-button__link\" target=\"_self\" rel=\"noopener noreferrer\" onclick=\"return true;\"><span class=\"uagb-inline-editing\">Kay\u0131t \u0130\u00e7in Randevu Al<\/span><\/a><\/div><\/div><\/div><\/div>\n\n\n\n<div class=\"wp-block-uagb-container uagb-block-cda1bab3\">\n<div class=\"wp-block-uagb-separator uagb-block-bb8fd95f\"><div class=\"wp-block-uagb-separator__inner\" style=\"--my-background-image:\"><\/div><\/div>\n\n\n\n<div class=\"wp-block-uagb-icon-list uagb-block-5aefe0c6\"><div class=\"uagb-icon-list__wrap\">\n<div class=\"wp-block-uagb-icon-list-child uagb-block-cca93ac5\"><span class=\"uagb-icon-list__source-wrap\"><svg xmlns=\"https:\/\/www.w3.org\/2000\/svg\" viewBox=\"0 0 512 512\"><path d=\"M0 256C0 114.6 114.6 0 256 0C397.4 0 512 114.6 512 256C512 397.4 397.4 512 256 512C114.6 512 0 397.4 0 256zM371.8 211.8C382.7 200.9 382.7 183.1 371.8 172.2C360.9 161.3 343.1 161.3 332.2 172.2L224 280.4L179.8 236.2C168.9 225.3 151.1 225.3 140.2 236.2C129.3 247.1 129.3 264.9 140.2 275.8L204.2 339.8C215.1 350.7 232.9 350.7 243.8 339.8L371.8 211.8z\"><\/path><\/svg><\/span><span class=\"uagb-icon-list__label\">\u00c7ocu\u011funuzun do\u011fum belgesi veya kimlik fotokopisi<\/span><\/div>\n\n\n\n<div class=\"wp-block-uagb-icon-list-child uagb-block-57829e98\"><span class=\"uagb-icon-list__source-wrap\"><svg xmlns=\"https:\/\/www.w3.org\/2000\/svg\" viewBox=\"0 0 512 512\"><path d=\"M0 256C0 114.6 114.6 0 256 0C397.4 0 512 114.6 512 256C512 397.4 397.4 512 256 512C114.6 512 0 397.4 0 256zM371.8 211.8C382.7 200.9 382.7 183.1 371.8 172.2C360.9 161.3 343.1 161.3 332.2 172.2L224 280.4L179.8 236.2C168.9 225.3 151.1 225.3 140.2 236.2C129.3 247.1 129.3 264.9 140.2 275.8L204.2 339.8C215.1 350.7 232.9 350.7 243.8 339.8L371.8 211.8z\"><\/path><\/svg><\/span><span class=\"uagb-icon-list__label\">Sa\u011fl\u0131k raporu (son 6 ay i\u00e7inde al\u0131nm\u0131\u015f)<\/span><\/div>\n\n\n\n<div class=\"wp-block-uagb-icon-list-child uagb-block-ebab540e\"><span class=\"uagb-icon-list__source-wrap\"><svg xmlns=\"https:\/\/www.w3.org\/2000\/svg\" viewBox=\"0 0 512 512\"><path d=\"M0 256C0 114.6 114.6 0 256 0C397.4 0 512 114.6 512 256C512 397.4 397.4 512 256 512C114.6 512 0 397.4 0 256zM371.8 211.8C382.7 200.9 382.7 183.1 371.8 172.2C360.9 161.3 343.1 161.3 332.2 172.2L224 280.4L179.8 236.2C168.9 225.3 151.1 225.3 140.2 236.2C129.3 247.1 129.3 264.9 140.2 275.8L204.2 339.8C215.1 350.7 232.9 350.7 243.8 339.8L371.8 211.8z\"><\/path><\/svg><\/span><span class=\"uagb-icon-list__label\">A\u015f\u0131 kart\u0131 fotokopisi<\/span><\/div>\n\n\n\n<div class=\"wp-block-uagb-icon-list-child uagb-block-e0f38fbc\"><span class=\"uagb-icon-list__source-wrap\"><svg xmlns=\"https:\/\/www.w3.org\/2000\/svg\" viewBox=\"0 0 512 512\"><path d=\"M0 256C0 114.6 114.6 0 256 0C397.4 0 512 114.6 512 256C512 397.4 397.4 512 256 512C114.6 512 0 397.4 0 256zM371.8 211.8C382.7 200.9 382.7 183.1 371.8 172.2C360.9 161.3 343.1 161.3 332.2 172.2L224 280.4L179.8 236.2C168.9 225.3 151.1 225.3 140.2 236.2C129.3 247.1 129.3 264.9 140.2 275.8L204.2 339.8C215.1 350.7 232.9 350.7 243.8 339.8L371.8 211.8z\"><\/path><\/svg><\/span><span class=\"uagb-icon-list__label\">\u0130kametgah belgesi<\/span><\/div>\n\n\n\n<div class=\"wp-block-uagb-icon-list-child uagb-block-93daaad8\"><span class=\"uagb-icon-list__source-wrap\"><svg xmlns=\"https:\/\/www.w3.org\/2000\/svg\" viewBox=\"0 0 512 512\"><path d=\"M0 256C0 114.6 114.6 0 256 0C397.4 0 512 114.6 512 256C512 397.4 397.4 512 256 512C114.6 512 0 397.4 0 256zM371.8 211.8C382.7 200.9 382.7 183.1 371.8 172.2C360.9 161.3 343.1 161.3 332.2 172.2L224 280.4L179.8 236.2C168.9 225.3 151.1 225.3 140.2 236.2C129.3 247.1 129.3 264.9 140.2 275.8L204.2 339.8C215.1 350.7 232.9 350.7 243.8 339.8L371.8 211.8z\"><\/path><\/svg><\/span><span class=\"uagb-icon-list__label\">2 adet vesikal\u0131k foto\u011fraf<\/span><\/div>\n\n\n\n<div class=\"wp-block-uagb-icon-list-child uagb-block-44b1cff3\"><span class=\"uagb-icon-list__source-wrap\"><svg xmlns=\"https:\/\/www.w3.org\/2000\/svg\" viewBox=\"0 0 512 512\"><path d=\"M0 256C0 114.6 114.6 0 256 0C397.4 0 512 114.6 512 256C512 397.4 397.4 512 256 512C114.6 512 0 397.4 0 256zM371.8 211.8C382.7 200.9 382.7 183.1 371.8 172.2C360.9 161.3 343.1 161.3 332.2 172.2L224 280.4L179.8 236.2C168.9 225.3 151.1 225.3 140.2 236.2C129.3 247.1 129.3 264.9 140.2 275.8L204.2 339.8C215.1 350.7 232.9 350.7 243.8 339.8L371.8 211.8z\"><\/path><\/svg><\/span><span class=\"uagb-icon-list__label\">Veli kimlik fotokopisi<\/span><\/div>\n<\/div><\/div>\n<\/div>\n<\/div><\/div>\n","protected":false},"excerpt":{"rendered":"<p>Montessori ile \u00d6\u011frenme S\u00fcreci<\/p>\n","protected":false},"author":1,"featured_media":0,"parent":0,"menu_order":0,"comment_status":"closed","ping_status":"closed","template":"","meta":{"_uag_custom_page_level_css":"","site-sidebar-layout":"no-sidebar","site-content-layout":"page-builder","ast-site-content-layout":"full-width-container","site-content-style":"unboxed","site-sidebar-style":"unboxed","ast-global-header-display":"","ast-banner-title-visibility":"","ast-main-header-display":"","ast-hfb-above-header-display":"","ast-hfb-below-header-display":"","ast-hfb-mobile-header-display":"","site-post-title":"disabled","ast-breadcrumbs-content":"","ast-featured-img":"disabled","footer-sml-layout":"","ast-disable-related-posts":"","theme-transparent-header-meta":"enabled","adv-header-id-meta":"","stick-header-meta":"","header-above-stick-meta":"","header-main-stick-meta":"","header-below-stick-meta":"","astra-migrate-meta-layouts":"set","ast-page-background-enabled":"default","ast-page-background-meta":{"desktop":{"background-color":"var(--ast-global-color-4)","background-image":"","background-repeat":"repeat","background-position":"center center","background-size":"auto","background-attachment":"scroll","background-type":"","background-media":"","overlay-type":"","overlay-color":"","overlay-opacity":"","overlay-gradient":""},"tablet":{"background-color":"","background-image":"","background-repeat":"repeat","background-position":"center center","background-size":"auto","background-attachment":"scroll","background-type":"","background-media":"","overlay-type":"","overlay-color":"","overlay-opacity":"","overlay-gradient":""},"mobile":{"background-color":"","background-image":"","background-repeat":"repeat","background-position":"center center","background-size":"auto","background-attachment":"scroll","background-type":"","background-media":"","overlay-type":"","overlay-color":"","overlay-opacity":"","overlay-gradient":""}},"ast-content-background-meta":{"desktop":{"background-color":"var(--ast-global-color-5)","background-image":"","background-repeat":"repeat","background-position":"center center","background-size":"auto","background-attachment":"scroll","background-type":"","background-media":"","overlay-type":"","overlay-color":"","overlay-opacity":"","overlay-gradient":""},"tablet":{"background-color":"var(--ast-global-color-5)","background-image":"","background-repeat":"repeat","background-position":"center center","background-size":"auto","background-attachment":"scroll","background-type":"","background-media":"","overlay-type":"","overlay-color":"","overlay-opacity":"","overlay-gradient":""},"mobile":{"background-color":"var(--ast-global-color-5)","background-image":"","background-repeat":"repeat","background-position":"center center","background-size":"auto","background-attachment":"scroll","background-type":"","background-media":"","overlay-type":"","overlay-color":"","overlay-opacity":"","overlay-gradient":""}},"iawp_total_views":208,"footnotes":""},"class_list":["post-1397","page","type-page","status-publish","hentry"],"spectra_custom_meta":{"site-sidebar-layout":["no-sidebar"],"site-content-layout":["page-builder"],"site-post-title":["disabled"],"ast-featured-img":["disabled"],"theme-transparent-header-meta":["enabled"],"_yoast_wpseo_estimated-reading-time-minutes":["2"],"_yoast_wpseo_content_score":["90"],"astra-main-page-id":["71476"],"ast_self_id_71476":["1"],"ast-site-content-layout":["full-width-container"],"site-content-style":["unboxed"],"site-sidebar-style":["unboxed"],"astra-migrate-meta-layouts":["set"],"_wxr_import_user_slug":["kalpeshb"],"_astra_sites_imported_post":["1"],"_astra_sites_enable_for_batch":["1"],"_edit_last":["1"],"_edit_lock":["1733210236:1"],"iawp_total_views":["208"],"rank_math_internal_links_processed":["1"],"rank_math_og_content_image":["a:2:{s:5:\"check\";s:32:\"d0abd4840027137d4e99d4a887a1729a\";s:6:\"images\";a:1:{i:0;i:2753;}}"],"rank_math_seo_score":["15"],"_uag_css_file_name":["uag-css-1397.css"]},"uagb_featured_image_src":{"full":false,"thumbnail":false,"medium":false,"medium_large":false,"large":false,"1536x1536":false,"2048x2048":false,"trp-custom-language-flag":false},"uagb_author_info":{"display_name":"ufuk@panicworkz.com","author_link":"https:\/\/ozguncocuklarmontessori.com\/tr\/author\/ufukpanicworkz-com\/"},"uagb_comment_info":0,"uagb_excerpt":"Montessori ile \u00d6\u011frenme S\u00fcreci","_links":{"self":[{"href":"https:\/\/ozguncocuklarmontessori.com\/tr\/wp-json\/wp\/v2\/pages\/1397","targetHints":{"allow":["GET"]}}],"collection":[{"href":"https:\/\/ozguncocuklarmontessori.com\/tr\/wp-json\/wp\/v2\/pages"}],"about":[{"href":"https:\/\/ozguncocuklarmontessori.com\/tr\/wp-json\/wp\/v2\/types\/page"}],"author":[{"embeddable":true,"href":"https:\/\/ozguncocuklarmontessori.com\/tr\/wp-json\/wp\/v2\/users\/1"}],"replies":[{"embeddable":true,"href":"https:\/\/ozguncocuklarmontessori.com\/tr\/wp-json\/wp\/v2\/comments?post=1397"}],"version-history":[{"count":1,"href":"https:\/\/ozguncocuklarmontessori.com\/tr\/wp-json\/wp\/v2\/pages\/1397\/revisions"}],"predecessor-version":[{"id":2842,"href":"https:\/\/ozguncocuklarmontessori.com\/tr\/wp-json\/wp\/v2\/pages\/1397\/revisions\/2842"}],"wp:attachment":[{"href":"https:\/\/ozguncocuklarmontessori.com\/tr\/wp-json\/wp\/v2\/media?parent=1397"}],"curies":[{"name":"wp","href":"https:\/\/api.w.org\/{rel}","templated":true}]}}